{"id":370,"date":"2015-10-22T04:04:43","date_gmt":"2015-10-22T04:04:43","guid":{"rendered":"http:\/\/bikes.loc\/?page_id=370"},"modified":"2024-10-09T21:54:50","modified_gmt":"2024-10-09T19:54:50","slug":"about-us","status":"publish","type":"page","link":"https:\/\/endg.eu\/?page_id=370","title":{"rendered":"O nas"},"content":{"rendered":"<div class=\"wpb-content-wrapper\"><p>[vc_row css=&#8221;.vc_custom_1472016399122{margin-top: 30px !important;margin-bottom: 51px !important;}&#8221;][vc_column width=&#8221;1\/2&#8243; el_class=&#8221;stm-col-pad-right&#8221;][vc_single_image image=&#8221;4476&#8243; img_size=&#8221;full&#8221; css=&#8221;.vc_custom_1728289739769{margin-bottom: 35px !important;}&#8221; stm_fancybox=&#8221;yes&#8221;][\/vc_column][vc_column width=&#8221;1\/2&#8243; el_class=&#8221;stm-col-pad-left&#8221;][vc_column_text css=&#8221;&#8221;]<\/p>\n<h3 style=\"margin-bottom: 18px;\">Witamy w <span style=\"color: #e71919;\">ENDG.EU<\/span><\/h3>\n<h5 style=\"margin-bottom: 22px;\">Zanim opowiemy o sobie chcieliby\u015bmy serdecznie podzi\u0119kowa\u0107 za odwiedzenie naszej stronie internetowej i zapoznanie si\u0119 z nasz\u0105 ofert\u0105 pojazd\u00f3w na wynajem.<\/h5>\n<p style=\"margin-bottom: 26px;\">Jeste\u015bmy ma\u0142\u0105 firm\u0105 rodzinn\u0105 zajmuj\u0105c\u0105 si\u0119 kompleksowym wypo\u017cyczeniem bus\u00f3w osobowych oraz przyczep kempingowych. Strona powsta\u0142a aby klienci mogli mie\u0107 jeszcze \u0142atwiejszy wgl\u0105d do naszej oferty pojazd\u00f3w. Nasza oferta stale si\u0119 powi\u0119ksza, a my dok\u0142adamy wszelkich stara\u0144 aby aktualizowa\u0107 j\u0105 na bie\u017c\u0105co. Dzi\u0119kujemy za po\u015bwi\u0119cony czas i zapraszamy do kontaktu z nami!<\/p>\n<p><span style=\"color: #888888;\"><em>\u00a0\u2014 Rados\u0142aw Piaskowski, W\u0142a\u015bciciel endg.eu<br \/>\n<\/em><\/span>[\/vc_column_text][\/vc_column][\/vc_row][vc_row css=&#8221;.vc_custom_1445594570930{margin-bottom: 83px !important;}&#8221;][vc_column width=&#8221;1\/2&#8243; el_class=&#8221;stm-col-pad-right&#8221;][vc_column_text css=&#8221;.vc_custom_1728289942498{margin-bottom: 23px !important;}&#8221;]<\/p>\n<h3>PODSTAWOWE WARTO\u015aCI<\/h3>\n<p>[\/vc_column_text][vc_separator css=&#8221;.vc_custom_1445496980428{margin-bottom: 19px !important;}&#8221;][vc_column_text css=&#8221;.vc_custom_1728289964466{margin-bottom: 24px !important;}&#8221;]Naszym g\u0142\u00f3wnym celem jest \u015bwiadczenie us\u0142ug z zakresu najmu pojazd\u00f3w na najwy\u017cszym poziome, daj\u0105cych pe\u0142n\u0105 satysfakcj\u0119 naszym klientom.[\/vc_column_text][vc_column_text css=&#8221;&#8221;]<\/p>\n<ul class=\"list-style-1\">\n<li>M\u0142ode rocznikowo pojazdy w \u015bwietnym stanie technicznym,<\/li>\n<li>Przyst\u0119pne ceny,<\/li>\n<li>Szeroka oferta pojazd\u00f3w do wyboru,<\/li>\n<li>Profesjonalne doradztwo,<\/li>\n<li>Kameralna rodzinna obs\u0142uga.<\/li>\n<\/ul>\n<p>[\/vc_column_text][\/vc_column][vc_column width=&#8221;1\/2&#8243; el_class=&#8221;stm-col-pad-left&#8221;][vc_single_image image=&#8221;4467&#8243; img_size=&#8221;full&#8221; css=&#8221;.vc_custom_1728289752073{margin-bottom: 35px !important;}&#8221; stm_fancybox=&#8221;yes&#8221;][\/vc_column][\/vc_row][vc_row full_width=&#8221;stretch_row&#8221; css=&#8221;.vc_custom_1445583749143{margin-bottom: 83px !important;padding-top: 48px !important;padding-bottom: 31px !important;background-color: #232628 !important;}&#8221;][vc_column][vc_custom_heading text=&#8221;GALERIA POJAZD\u00d3W&#8221; font_container=&#8221;tag:h2|text_align:center|color:%23ffffff&#8221; use_theme_fonts=&#8221;yes&#8221; css=&#8221;.vc_custom_1728417852725{margin-bottom: 30px !important;}&#8221;][stm_carousel image_size=&#8221;270&#215;180&#8243; images=&#8221;4550,4522,4457,4456,4463&#8243;][\/vc_column][\/vc_row][vc_row][vc_column width=&#8221;1\/2&#8243; el_class=&#8221;stm-col-pad-right&#8221; css=&#8221;.vc_custom_1445583873131{margin-bottom: 35px !important;}&#8221;][vc_custom_heading text=&#8221;NASZA OFERTA&#8221; font_container=&#8221;tag:h3|text_align:left&#8221; use_theme_fonts=&#8221;yes&#8221; css=&#8221;.vc_custom_1728300940103{margin-bottom: 24px !important;}&#8221;][vc_tta_accordion c_icon=&#8221;chevron&#8221; active_section=&#8221;1&#8243;][vc_tta_section i_icon_fontawesome=&#8221;stm-icon-car_sale&#8221; add_icon=&#8221;true&#8221; title=&#8221;Auta i przyczepy na wynajem&#8221; tab_id=&#8221;1445577012477-c2089919-d41f&#8221;][vc_column_text css=&#8221;&#8221;]Je\u017celi jeste\u015bcie Pa\u0144stwo zainteresowani wynajmem bus\u00f3w osobowych lub przyczep kempingpowych to dobrze trafili\u015bcie. W naszej sta\u0142ej ofercie znajduj\u0105 si\u0119 m\u0142ode rocznikowo auta w doskona\u0142ym stanie technicznym oraz wizualnym. Oferowane przyczepy s\u0105 bogato wyposa\u017cenie i maj\u0105 sporo miejsc do spania stwarzaj\u0105c mo\u017cliwo\u015b\u0107 wypoczynku dla ca\u0142ej rodziny.[\/vc_column_text][\/vc_tta_section][vc_tta_section i_icon_fontawesome=&#8221;stm-icon-key&#8221; add_icon=&#8221;true&#8221; title=&#8221;Transport z imprez okoliczno\u015bciowych&#8221; tab_id=&#8221;1445577012778-7f50c834-615e&#8221;][vc_column_text css=&#8221;&#8221;]Organizujesz wesele lub inne przyj\u0119cie i masz problem z transportem go\u015bci? Nic prostszego. Zapewniamy kompleksow\u0105 obs\u0142ug\u0119 najmu auta wraz z kierowc\u0105, kt\u00f3ry porozwozi go\u015bci![\/vc_column_text][\/vc_tta_section][vc_tta_section i_icon_fontawesome=&#8221;stm-icon-gear&#8221; add_icon=&#8221;true&#8221; title=&#8221;Jak dokona\u0107 rezerwacji?&#8221; tab_id=&#8221;1445577154864-e8053705-41fb&#8221;][vc_column_text css=&#8221;&#8221;]Najlepszym i najszybszym sposobem na rezerwacj\u0119 jest kontakt telefoniczny pod numerem 513 097 626. Mo\u017cna tak\u017ce wys\u0142a\u0107 wiadomo\u015b\u0107 poprzez facebook albo na nasz adres mailowy biuro@endg.eu zawieraj\u0105c\u0105 dane kontaktowe oraz termin, to niezw\u0142ocznie si\u0119 skontaktujemy.[\/vc_column_text][\/vc_tta_section][\/vc_tta_accordion][\/vc_column][vc_column width=&#8221;1\/2&#8243; el_class=&#8221;stm-col-pad-left&#8221; css=&#8221;.vc_custom_1445583880769{margin-bottom: 35px !important;}&#8221;][vc_custom_heading text=&#8221;REFERENCJE&#8221; font_container=&#8221;tag:h3|text_align:left&#8221; use_theme_fonts=&#8221;yes&#8221; css=&#8221;.vc_custom_1728301027329{margin-bottom: 24px !important;}&#8221;][stm_testimonials][stm_testimonial author=&#8221;Piotr Koz\u0142owski&#8221; author_car=&#8221;Lunar Lexon&#8221;]<\/p>\n<h5>Przyczepa jest po prostu wspania\u0142a!<\/h5>\n<p>Nie s\u0105dzi\u0142em, \u017ce rodzinne podr\u00f3\u017cowanie z przyczep\u0105 mo\u017ce prze\u0142o\u017cy\u0107 si\u0119 na tak fantastyczne wakacje! Przyczepa jest \u015bwietnie wyposa\u017cona, daje pe\u0142en komfort u\u017cytkowania dla ca\u0142ej rodziny. Dodatkowo przyczepa mo\u017ce by\u0107 sterowana pilotem co sprawia, \u017ce ustawienie jej w odpowiednim miejscu jest banalnie proste! Ju\u017c mamy pomys\u0142 na kolejn\u0105 wycieczk\u0119![\/stm_testimonial][stm_testimonial author=&#8221;Micha\u0142 Purcelewswki&#8221; author_car=&#8221;Renault Master&#8221;]<\/p>\n<h5>\u015awietny wygodny bus.<\/h5>\n<p>Wraz ze znajomymi wypo\u017cyczyli\u015bmy busa osobowego, aby komfortowo wybra\u0107 si\u0119 na koncert. By\u0142o to zdecydowanie lepszym rozwi\u0105zaniem ni\u017c jazda na kilka samochod\u00f3w. Atmosfera wsp\u00f3lnego podr\u00f3\u017cowania udzieli\u0142a si\u0119 wszystkim, cho\u0107 nie wszyscy to pami\u0119taj\u0105 ;-)[\/stm_testimonial][\/stm_testimonials][\/vc_column][\/vc_row][vc_row full_width=&#8221;stretch_row&#8221; css=&#8221;.vc_custom_1472014784612{margin-bottom: 0px !important;padding-top: 48px !important;padding-bottom: 15px !important;background-color: #232628 !important;}&#8221;][vc_column][vc_custom_heading text=&#8221;NASZ ZESP\u00d3\u0141&#8221; font_container=&#8221;tag:h2|text_align:center&#8221; use_theme_fonts=&#8221;yes&#8221; css=&#8221;.vc_custom_1728290407728{margin-bottom: 30px !important;}&#8221;][vc_row_inner][vc_column_inner width=&#8221;1\/2&#8243; offset=&#8221;vc_col-lg-3&#8243;][stm_our_team image_size=&#8221;full&#8221; image=&#8221;4531&#8243; name=&#8221;Rados\u0142aw Piaskowski&#8221; position=&#8221;W\u0142a\u015bciciel&#8221; email=&#8221;biuro@endg.eu&#8221;][\/vc_column_inner][vc_column_inner width=&#8221;1\/2&#8243; offset=&#8221;vc_col-lg-3&#8243;][stm_our_team image_size=&#8221;full&#8221; image=&#8221;4528&#8243; name=&#8221;Gienia Piaskowska&#8221; position=&#8221;W\u0142a\u015bcicielka&#8221; email=&#8221;biuro@endg.eu&#8221;][\/vc_column_inner][vc_column_inner width=&#8221;1\/2&#8243; offset=&#8221;vc_col-lg-3&#8243;][stm_our_team image_size=&#8221;full&#8221; image=&#8221;4529&#8243; name=&#8221;\u0141ukasz Piaskowski&#8221; position=&#8221;Mechanik&#8221;][\/vc_column_inner][vc_column_inner width=&#8221;1\/2&#8243; offset=&#8221;vc_col-lg-3&#8243;][stm_our_team image_size=&#8221;full&#8221; image=&#8221;4530&#8243; name=&#8221;Martyna Piaskowska&#8221; position=&#8221;Marketing&#8221;][\/vc_column_inner][\/vc_row_inner][\/vc_column][\/vc_row][vc_row full_width=&#8221;stretch_row&#8221; css=&#8221;.vc_custom_1472015218432{padding-top: 30px !important;padding-bottom: 30px !important;background-color: #243136 !important;}&#8221;][vc_column][stm_our_partners image_size=&#8221;140&#215;70&#8243; image=&#8221;4473,4472&#8243; number_to_show=&#8221;6&#8243;][\/vc_column][\/vc_row]<\/p>\n<\/div>","protected":false},"excerpt":{"rendered":"<p>[vc_row css=&#8221;.vc_custom_1472016399122{margin-top: 30px !important;margin-bottom: 51px !important;}&#8221;][vc_column width=&#8221;1\/2&#8243; el_class=&#8221;stm-col-pad-right&#8221;][vc_single_image image=&#8221;4476&#8243; img_size=&#8221;full&#8221; css=&#8221;.vc_custom_1728289739769{margin-bottom: 35px !important;}&#8221; stm_fancybox=&#8221;yes&#8221;][\/vc_column][vc_column width=&#8221;1\/2&#8243; el_class=&#8221;stm-col-pad-left&#8221;][vc_column_text css=&#8221;&#8221;] Witamy w ENDG.EU Zanim opowiemy o sobie chcieliby\u015bmy serdecznie podzi\u0119kowa\u0107 za odwiedzenie naszej stronie internetowej i zapoznanie si\u0119 z nasz\u0105 ofert\u0105 pojazd\u00f3w na wynajem. Jeste\u015bmy ma\u0142\u0105 firm\u0105 rodzinn\u0105 zajmuj\u0105c\u0105 si\u0119 kompleksowym wypo\u017cyczeniem bus\u00f3w osobowych oraz przyczep kempingowych. Strona&#8230;<\/p>\n","protected":false},"author":1,"featured_media":0,"parent":0,"menu_order":0,"comment_status":"closed","ping_status":"closed","template":"","meta":{"footnotes":""},"class_list":["post-370","page","type-page","status-publish","hentry"],"_links":{"self":[{"href":"https:\/\/endg.eu\/index.php?rest_route=\/wp\/v2\/pages\/370","targetHints":{"allow":["GET"]}}],"collection":[{"href":"https:\/\/endg.eu\/index.php?rest_route=\/wp\/v2\/pages"}],"about":[{"href":"https:\/\/endg.eu\/index.php?rest_route=\/wp\/v2\/types\/page"}],"author":[{"embeddable":true,"href":"https:\/\/endg.eu\/index.php?rest_route=\/wp\/v2\/users\/1"}],"replies":[{"embeddable":true,"href":"https:\/\/endg.eu\/index.php?rest_route=%2Fwp%2Fv2%2Fcomments&post=370"}],"version-history":[{"count":14,"href":"https:\/\/endg.eu\/index.php?rest_route=\/wp\/v2\/pages\/370\/revisions"}],"predecessor-version":[{"id":4601,"href":"https:\/\/endg.eu\/index.php?rest_route=\/wp\/v2\/pages\/370\/revisions\/4601"}],"wp:attachment":[{"href":"https:\/\/endg.eu\/index.php?rest_route=%2Fwp%2Fv2%2Fmedia&parent=370"}],"curies":[{"name":"wp","href":"https:\/\/api.w.org\/{rel}","templated":true}]}}