{"id":4300,"date":"2015-09-18T09:48:28","date_gmt":"2015-09-18T09:48:28","guid":{"rendered":"http:\/\/bikes.loc\/?page_id=5"},"modified":"2024-10-09T22:38:04","modified_gmt":"2024-10-09T20:38:04","slug":"home","status":"publish","type":"page","link":"https:\/\/endg.eu\/","title":{"rendered":"Home"},"content":{"rendered":"<div class=\"wpb-content-wrapper\"><p>[vc_row full_width=&#8221;stretch_row&#8221; css=&#8221;.vc_custom_1448545243300{margin-bottom: 0px !important;}&#8221; el_class=&#8221;stm-slider-nice-height&#8221;][vc_column][rev_slider_vc alias=&#8221;home_slider&#8221;][\/vc_column][\/vc_row][vc_row full_width=&#8221;stretch_row&#8221; css=&#8221;.vc_custom_1470915670746{margin-top: 0 !important;padding-bottom: 20px !important;background-color: rgba(36,49,54,0.9) !important;*background-color: rgb(36,49,54) !important;}&#8221;][vc_column][\/vc_column][\/vc_row][vc_row full_width=&#8221;stretch_row&#8221; css=&#8221;.vc_custom_1471237765688{border-top-width: 25px !important;padding-top: 42px !important;border-top-color: #080a0b !important;border-top-style: solid !important;}&#8221;][vc_column][vc_row_inner][vc_column_inner][vc_custom_heading text=&#8221;NASZA OFERTA&#8221; font_container=&#8221;tag:h2|text_align:left|color:%23ffffff&#8221; use_theme_fonts=&#8221;yes&#8221; css=&#8221;.vc_custom_1728329306163{margin-bottom: 45px !important;}&#8221;][\/vc_column_inner][\/vc_row_inner][vc_row_inner css=&#8221;.vc_custom_1470891410097{margin-bottom: 0px !important;}&#8221;][vc_column_inner width=&#8221;1\/2&#8243;][stm_inventory_categories taxonomy=&#8221;new-cars | condition, used-cars | condition,&#8221; taxonomy_main=&#8221;busy-osobowe | body,&#8221; image=&#8221;4494&#8243;][\/vc_column_inner][vc_column_inner width=&#8221;1\/2&#8243;][stm_inventory_categories taxonomy=&#8221;new-cars | condition, used-cars | condition,&#8221; taxonomy_main=&#8221;auta-osobowe | body,&#8221; image=&#8221;4496&#8243;][\/vc_column_inner][\/vc_row_inner][vc_row_inner css=&#8221;.vc_custom_1470891420604{margin-bottom: 42px !important;}&#8221;][vc_column_inner width=&#8221;1\/2&#8243;][stm_inventory_categories taxonomy=&#8221;new-cars | condition, used-cars | condition,&#8221; taxonomy_main=&#8221;przyczepy-kempingowe | body,&#8221; image=&#8221;4495&#8243;][\/vc_column_inner][vc_column_inner width=&#8221;1\/2&#8243;][stm_inventory_categories taxonomy=&#8221;new-cars | condition, used-cars | condition,&#8221; taxonomy_main=&#8221;auta-terenowe | body,&#8221; image=&#8221;4497&#8243;][\/vc_column_inner][\/vc_row_inner][\/vc_column][\/vc_row][vc_row css=&#8221;.vc_custom_1728315657704{padding-top: 116px !important;padding-bottom: 26px !important;background-image: url(http:\/\/endg.eu\/wp-content\/uploads\/2024\/10\/glowne2.jpg?id=4469) !important;}&#8221; el_class=&#8221;stm-fullwidth-with-parallax&#8221;][vc_column width=&#8221;1\/3&#8243;][stm_icon_box title_holder=&#8221;h4&#8243; style_layout=&#8221;boats&#8221; icon=&#8221;stm-icon-calendar&#8221; title=&#8221;WYGODNA REZERWACJA&#8221; box_text_color=&#8221;#ffffff&#8221; line_height=&#8221;20&#8243; box_bg_color=&#8221;rgba(255,255,255,0.01)&#8221; box_text_color_hover=&#8221;#ffffff&#8221; icon_size=&#8221;49&#8243; css_icon=&#8221;.vc_custom_1728301877932{margin-right: 20px !important;margin-left: 7px !important;}&#8221;]W celu dokonania rezerwacji wystarczy kontakt telefoniczny lub wiadomo\u015b\u0107 poprzez email lub facebook.[\/stm_icon_box][stm_icon_box title_holder=&#8221;h4&#8243; style_layout=&#8221;boats&#8221; icon=&#8221;stm-service-icon-cash_dollar&#8221; title=&#8221;KONKURENCYJNE CENY&#8221; box_text_color=&#8221;#ffffff&#8221; line_height=&#8221;20&#8243; box_bg_color=&#8221;rgba(255,255,255,0.01)&#8221; box_text_color_hover=&#8221;#ffffff&#8221; icon_size=&#8221;49&#8243; css_icon=&#8221;.vc_custom_1728301905060{margin-right: 23px !important;margin-left: 4px !important;}&#8221;]Staramy si\u0119 utrzyma\u0107 ceny na poziomie przyjaznym dla ka\u017cdego. Oczywi\u015bcie ceny s\u0105 adekwatne do jako\u015bci.[\/stm_icon_box][\/vc_column][vc_column width=&#8221;1\/3&#8243;][stm_icon_box title_holder=&#8221;h4&#8243; style_layout=&#8221;boats&#8221; icon=&#8221;stm-service-icon-diagnostic_monitor&#8221; title=&#8221;IDEALNY STAN TECHNICZNY&#8221; box_text_color=&#8221;#ffffff&#8221; line_height=&#8221;20&#8243; box_bg_color=&#8221;rgba(255,255,255,0.01)&#8221; box_text_color_hover=&#8221;#ffffff&#8221; icon_size=&#8221;44&#8243; css_icon=&#8221;.vc_custom_1728301925443{margin-right: 24px !important;margin-left: 7px !important;}&#8221;]Nasze pojazdy s\u0105 serwisowane na bie\u017c\u0105co co daje gwarancj\u0119 jako\u015bci. Stawiamy na jako\u015b\u0107.[\/stm_icon_box][stm_icon_box title_holder=&#8221;h4&#8243; style_layout=&#8221;boats&#8221; icon=&#8221;stm-service-icon-like_it&#8221; title=&#8221;POZYTYWNE OPINIE&#8221; box_text_color=&#8221;#ffffff&#8221; line_height=&#8221;20&#8243; box_bg_color=&#8221;rgba(255,255,255,0.01)&#8221; box_text_color_hover=&#8221;#ffffff&#8221; icon_size=&#8221;43&#8243; css_icon=&#8221;.vc_custom_1728301945435{margin-right: 24px !important;margin-left: 8px !important;}&#8221;]Naszym celem jest \u015bwiadczenie us\u0142ug o najwy\u017cszym poziomie, o czym \u015bwiadcz\u0105 opinie naszych klient\u00f3w.[\/stm_icon_box][\/vc_column][vc_column width=&#8221;1\/3&#8243;][stm_icon_box title_holder=&#8221;h4&#8243; style_layout=&#8221;boats&#8221; icon=&#8221;stm-service-icon-award_blank&#8221; title=&#8221;WYSPECJALIZOWANI MECHANICY&#8221; box_text_color=&#8221;#ffffff&#8221; line_height=&#8221;20&#8243; box_bg_color=&#8221;rgba(255,255,255,0.01)&#8221; box_text_color_hover=&#8221;#ffffff&#8221; icon_size=&#8221;46&#8243; css_icon=&#8221;.vc_custom_1728301969955{margin-top: 3px !important;margin-right: 22px !important;margin-left: 8px !important;}&#8221;]Nasi mechanicy to profesjonali\u015bci z du\u017cym do\u015bwiadczeniem, kt\u00f3rzy sprawdzaj\u0105 stan auta przed ka\u017cdym wyjazdem.[\/stm_icon_box][stm_icon_box title_holder=&#8221;h4&#8243; style_layout=&#8221;boats&#8221; icon=&#8221;stm-service-icon-shield_check&#8221; title=&#8221;GWARANCJA JAKO\u015aCI&#8221; box_text_color=&#8221;#ffffff&#8221; line_height=&#8221;20&#8243; box_bg_color=&#8221;rgba(255,255,255,0.01)&#8221; box_text_color_hover=&#8221;#ffffff&#8221; icon_size=&#8221;48&#8243; css_icon=&#8221;.vc_custom_1728302007292{margin-right: 23px !important;margin-left: 8px !important;}&#8221;]Gwarantujemy, \u017ce nasze auta dojad\u0105 bezproblemowo do celu. W razie jakichkolwiek problem\u00f3w pomo\u017cemy.[\/stm_icon_box][\/vc_column][\/vc_row][vc_row css=&#8221;.vc_custom_1471239084548{padding-top: 37px !important;padding-bottom: 46px !important;}&#8221;][vc_column][stm_listings_tabs_2 per_page=&#8221;6&#8243; recent_label=&#8221;OFERTA&#8221; popular=&#8221;&#8221; featured=&#8221;&#8221; show_more=&#8221;&#8221; title=&#8221;NAJCZ\u0118\u015aCIEJ WYBIERANE&#8221;][\/vc_column][\/vc_row][vc_row el_class=&#8221;stm-fullwidth-with-parallax&#8221; css=&#8221;.vc_custom_1728302114752{padding-top: 91px !important;padding-bottom: 70px !important;background-image: url(http:\/\/endg.eu\/wp-content\/uploads\/2024\/10\/droga.jpg?id=4468) !important;}&#8221;][vc_column width=&#8221;1\/2&#8243;][\/vc_column][vc_column width=&#8221;1\/2&#8243; css=&#8221;.vc_custom_1471239363431{border-top-width: 9px !important;border-right-width: 9px !important;border-bottom-width: 9px !important;border-left-width: 9px !important;padding-top: 59px !important;padding-bottom: 46px !important;border-left-color: #ffffff !important;border-left-style: solid !important;border-right-color: #ffffff !important;border-right-style: solid !important;border-top-color: #ffffff !important;border-top-style: solid !important;border-bottom-color: #ffffff !important;border-bottom-style: solid !important;}&#8221;][vc_row_inner css=&#8221;.vc_custom_1470917862335{padding-right: 60px !important;padding-left: 60px !important;}&#8221;][vc_column_inner][vc_custom_heading text=&#8221;SERDECZNIE WITAMY W ENDG.EU&#8221; font_container=&#8221;tag:h2|font_size:32px|text_align:left|color:%23ffffff|line_height:32px&#8221; use_theme_fonts=&#8221;yes&#8221; css=&#8221;.vc_custom_1728301694863{margin-bottom: 21px !important;}&#8221;][vc_column_text css=&#8221;.vc_custom_1728301718111{margin-bottom: 29px !important;}&#8221;]Dzi\u0119kujemy za wizyt\u0119 na naszej strony i zach\u0119camy do zapoznania si\u0119 z nasz\u0105 histori\u0105, oraz do zapoznania si\u0119 z nasz\u0105 ofert\u0105.[\/vc_column_text][stm_icon_button link=&#8221;url:http%3A%2F%2Fmotos.loc%2Fabout-us%2F|title:Read%20more||&#8221;][\/vc_column_inner][\/vc_row_inner][\/vc_column][\/vc_row][vc_row css=&#8221;.vc_custom_1471239417907{padding-top: 86px !important;padding-bottom: 53px !important;}&#8221;][vc_column width=&#8221;1\/2&#8243; css=&#8221;.vc_custom_1470978550446{margin-bottom: 30px !important;}&#8221;][vc_custom_heading text=&#8221;Wypo\u017cyczamy samochody<br \/>\nod 2015 roku.&#8221; font_container=&#8221;tag:h2|font_size:32px|text_align:left|color:%23ffffff|line_height:36px&#8221; use_theme_fonts=&#8221;yes&#8221; css=&#8221;.vc_custom_1728301598575{margin-bottom: 32px !important;}&#8221;][stm_color_separator style=&#8221;style_2&#8243; css=&#8221;.vc_custom_1471948825099{margin-bottom: 13px !important;}&#8221;][vc_column_text css=&#8221;&#8221;]Pocz\u0105tkowo z aut korzystali\u015bmy do w\u0142asnych cel\u00f3w, dlatego wybierali\u015bmy jak najlepsze egzemplarze. Przez lata do\u015bwiadczenia dowiedzieli\u015bmy si\u0119 dok\u0142adnie czego potrzebuj\u0105 nasi klienci i staramy si\u0119 im to zapewni\u0107.[\/vc_column_text][vc_column_text css=&#8221;&#8221;]<\/p>\n<ul class=\"list-style-1\" style=\"font-size: 13px;\">\n<li>Znamy oczekiwania naszych klient\u00f3w.<\/li>\n<li>Posiadamy szerok\u0105 ofert\u0119 pojazd\u00f3w.<\/li>\n<li>Konkurencyjno\u015b\u0107 cenowa.<\/li>\n<li>Sta\u0142e rozszerzanie naszej oferty.<\/li>\n<\/ul>\n<p>[\/vc_column_text][\/vc_column][vc_column width=&#8221;1\/2&#8243; css=&#8221;.vc_custom_1470979592702{margin-top: 17px !important;}&#8221;][vc_single_image image=&#8221;4608&#8243; img_size=&#8221;full&#8221; css=&#8221;&#8221;][\/vc_column][\/vc_row][vc_row full_width=&#8221;stretch_row&#8221; css=&#8221;.vc_custom_1470982903047{padding-top: 27px !important;padding-bottom: 12px !important;background-color: #243136 !important;}&#8221;][vc_column][stm_row_icons filter_selected=&#8221;make&#8221;][\/vc_column][\/vc_row]<\/p>\n<\/div>","protected":false},"excerpt":{"rendered":"<p>[vc_row full_width=&#8221;stretch_row&#8221; css=&#8221;.vc_custom_1448545243300{margin-bottom: 0px !important;}&#8221; el_class=&#8221;stm-slider-nice-height&#8221;][vc_column][rev_slider_vc alias=&#8221;home_slider&#8221;][\/vc_column][\/vc_row][vc_row full_width=&#8221;stretch_row&#8221; css=&#8221;.vc_custom_1470915670746{margin-top: 0 !important;padding-bottom: 20px !important;background-color: rgba(36,49,54,0.9) !important;*background-color: rgb(36,49,54) !important;}&#8221;][vc_column][\/vc_column][\/vc_row][vc_row full_width=&#8221;stretch_row&#8221; css=&#8221;.vc_custom_1471237765688{border-top-width: 25px !important;padding-top: 42px !important;border-top-color: #080a0b !important;border-top-style: solid !important;}&#8221;][vc_column][vc_row_inner][vc_column_inner][vc_custom_heading text=&#8221;NASZA OFERTA&#8221; font_container=&#8221;tag:h2|text_align:left|color:%23ffffff&#8221; use_theme_fonts=&#8221;yes&#8221; css=&#8221;.vc_custom_1728329306163{margin-bottom: 45px !important;}&#8221;][\/vc_column_inner][\/vc_row_inner][vc_row_inner css=&#8221;.vc_custom_1470891410097{margin-bottom: 0px !important;}&#8221;][vc_column_inner width=&#8221;1\/2&#8243;][stm_inventory_categories taxonomy=&#8221;new-cars | condition, used-cars | condition,&#8221; taxonomy_main=&#8221;busy-osobowe | body,&#8221; image=&#8221;4494&#8243;][\/vc_column_inner][vc_column_inner width=&#8221;1\/2&#8243;][stm_inventory_categories taxonomy=&#8221;new-cars | condition, used-cars | condition,&#8221;&#8230;<\/p>\n","protected":false},"author":1,"featured_media":0,"parent":0,"menu_order":0,"comment_status":"closed","ping_status":"closed","template":"","meta":{"footnotes":""},"class_list":["post-4300","page","type-page","status-publish","hentry"],"_links":{"self":[{"href":"https:\/\/endg.eu\/index.php?rest_route=\/wp\/v2\/pages\/4300","targetHints":{"allow":["GET"]}}],"collection":[{"href":"https:\/\/endg.eu\/index.php?rest_route=\/wp\/v2\/pages"}],"about":[{"href":"https:\/\/endg.eu\/index.php?rest_route=\/wp\/v2\/types\/page"}],"author":[{"embeddable":true,"href":"https:\/\/endg.eu\/index.php?rest_route=\/wp\/v2\/users\/1"}],"replies":[{"embeddable":true,"href":"https:\/\/endg.eu\/index.php?rest_route=%2Fwp%2Fv2%2Fcomments&post=4300"}],"version-history":[{"count":19,"href":"https:\/\/endg.eu\/index.php?rest_route=\/wp\/v2\/pages\/4300\/revisions"}],"predecessor-version":[{"id":4609,"href":"https:\/\/endg.eu\/index.php?rest_route=\/wp\/v2\/pages\/4300\/revisions\/4609"}],"wp:attachment":[{"href":"https:\/\/endg.eu\/index.php?rest_route=%2Fwp%2Fv2%2Fmedia&parent=4300"}],"curies":[{"name":"wp","href":"https:\/\/api.w.org\/{rel}","templated":true}]}}